{"id":17,"date":"2019-12-14T09:48:30","date_gmt":"2019-12-14T08:48:30","guid":{"rendered":"http:\/\/pyramis-woodworking.com\/?page_id=17"},"modified":"2023-07-26T07:07:18","modified_gmt":"2023-07-26T05:07:18","slug":"about","status":"publish","type":"page","link":"https:\/\/pyramis-woodworking.com\/?page_id=17","title":{"rendered":"Qui sommes-nous ?"},"content":{"rendered":"\n<p class=\"has-text-align-left\">Je m&rsquo;appelle Pierre Fontignie. Apr\u00e8s une carri\u00e8re d\u2019une vingtaine d\u2019ann\u00e9es dans l\u2019industrie, j\u2019ai d\u00e9cid\u00e9 de vivre de la passion qui occupait une grande partie de mes temps libres&nbsp;: le travail du bois. J&rsquo;ai commenc\u00e9 une formation de menuiserie-\u00e9b\u00e9nisterie en cours du soir et j&rsquo;ai d\u00e9cid\u00e9 en parall\u00e8le de lancer ma propre entreprise.<\/p>\n\n\n\n<p class=\"has-text-align-left\">Une menuiserie traditionnelle travaillant essentiellement le bois, de mani\u00e8re artisanale. Je con\u00e7ois et cr\u00e9e avec mes clients, transforme, fabrique et pose\u00a0pour votre int\u00e9rieur ;\u00a0portes, escaliers, parquets, mobilier sur mesure ; tables, chaises, bureaux, bars, tabourets, fauteuils, meubles de salle de bain, biblioth\u00e8ques, buffets, vaisseliers, objets d\u00e9coratifs ; cadres, porte manteaux, lampes, bardage int\u00e9rieur, etc&#8230; Et pour vos ext\u00e9rieurs ; mobiliers, claustras, terrasse, bardage, abris de jardin, pergolas, poolhouse, portails, portes et fen\u00eatres, etc\u2026<\/p>\n\n\n\n<p class=\"has-text-align-left\">Ma client\u00e8le, compos\u00e9e tant d\u2019entreprises que de particuliers, m\u2019aborde g\u00e9n\u00e9ralement avec une premi\u00e8re id\u00e9e, une photo, un croquis, des notions d&rsquo;encombrement. Nous prenons ensuite ensemble le temps n\u00e9cessaire pour m\u00fbrir le concept et \u00e9laborer le projet afin qu\u2019il corresponde aussi bien dimensionnellement qu\u2019esth\u00e9tiquement et financi\u00e8rement au besoin du client.<\/p>\n\n\n\n<p class=\"has-text-align-left\">Mon objectif est de cr\u00e9er des objets contemporains durables qui r\u00e9pondent parfaitement \u00e0 vos besoins. Le caract\u00e8re unique de chaque projet ajoutera un charme singulier, unique et original \u00e0 votre int\u00e9rieur et vous apportera un plus grand confort de vie.<\/p>\n\n\n\n<p class=\"has-text-align-left\">N\u2019h\u00e9sitez pas \u00e0 me contacter afin d\u2019exprimer vos souhaits, j\u2019\u00e9tablirai un devis dans les meilleurs d\u00e9lais.<\/p>\n\n\n\n<p><\/p>\n","protected":false},"excerpt":{"rendered":"<p>Je m&rsquo;appelle Pierre Fontignie. Apr\u00e8s une carri\u00e8re d\u2019une vingtaine d\u2019ann\u00e9es dans l\u2019industrie, j\u2019ai d\u00e9cid\u00e9 de vivre de la passion qui occupait une grande partie de mes temps libres&nbsp;: le travail du bois. J&rsquo;ai commenc\u00e9 une formation de menuiserie-\u00e9b\u00e9nisterie en cours du soir et j&rsquo;ai d\u00e9cid\u00e9 en parall\u00e8le de lancer ma propre entreprise. Une menuiserie traditionnelle &hellip; <\/p>\n<p class=\"link-more\"><a href=\"https:\/\/pyramis-woodworking.com\/?page_id=17\" class=\"more-link\">Continuer la lecture<span class=\"screen-reader-text\"> de &laquo;&nbsp;Qui sommes-nous ?&nbsp;&raquo;<\/span><\/a><\/p>\n","protected":false},"author":1,"featured_media":49,"parent":0,"menu_order":0,"comment_status":"closed","ping_status":"closed","template":"","meta":{"footnotes":""},"class_list":["post-17","page","type-page","status-publish","has-post-thumbnail","hentry"],"_links":{"self":[{"href":"https:\/\/pyramis-woodworking.com\/index.php?rest_route=\/wp\/v2\/pages\/17","targetHints":{"allow":["GET"]}}],"collection":[{"href":"https:\/\/pyramis-woodworking.com\/index.php?rest_route=\/wp\/v2\/pages"}],"about":[{"href":"https:\/\/pyramis-woodworking.com\/index.php?rest_route=\/wp\/v2\/types\/page"}],"author":[{"embeddable":true,"href":"https:\/\/pyramis-woodworking.com\/index.php?rest_route=\/wp\/v2\/users\/1"}],"replies":[{"embeddable":true,"href":"https:\/\/pyramis-woodworking.com\/index.php?rest_route=%2Fwp%2Fv2%2Fcomments&post=17"}],"version-history":[{"count":11,"href":"https:\/\/pyramis-woodworking.com\/index.php?rest_route=\/wp\/v2\/pages\/17\/revisions"}],"predecessor-version":[{"id":259,"href":"https:\/\/pyramis-woodworking.com\/index.php?rest_route=\/wp\/v2\/pages\/17\/revisions\/259"}],"wp:featuredmedia":[{"embeddable":true,"href":"https:\/\/pyramis-woodworking.com\/index.php?rest_route=\/wp\/v2\/media\/49"}],"wp:attachment":[{"href":"https:\/\/pyramis-woodworking.com\/index.php?rest_route=%2Fwp%2Fv2%2Fmedia&parent=17"}],"curies":[{"name":"wp","href":"https:\/\/api.w.org\/{rel}","templated":true}]}}